{"id":96,"date":"2021-11-03T14:02:10","date_gmt":"2021-11-03T17:02:10","guid":{"rendered":"https:\/\/vicentelessa.com.br\/wp1\/?page_id=96"},"modified":"2021-12-14T18:59:49","modified_gmt":"2021-12-14T21:59:49","slug":"blog","status":"publish","type":"page","link":"https:\/\/vicentelessa.com.br\/wp1\/blog\/","title":{"rendered":"Blog"},"content":{"rendered":"\t\t<div data-elementor-type=\"wp-page\" data-elementor-id=\"96\" class=\"elementor elementor-96\" data-elementor-post-type=\"page\">\n\t\t\t\t\t\t<section data-particle_enable=\"false\" data-particle-mobile-disabled=\"false\" class=\"elementor-section elementor-top-section elementor-element elementor-element-5430519 elementor-section-full_width elementor-section-stretched elementor-section-height-default elementor-section-height-default\" data-id=\"5430519\" data-element_type=\"section\" data-settings=\"{&quot;jet_parallax_layout_list&quot;:[{&quot;jet_parallax_layout_image&quot;:{&quot;url&quot;:&quot;&quot;,&quot;id&quot;:&quot;&quot;,&quot;size&quot;:&quot;&quot;},&quot;_id&quot;:&quot;e20d81c&quot;,&quot;jet_parallax_layout_image_tablet&quot;:{&quot;url&quot;:&quot;&quot;,&quot;id&quot;:&quot;&quot;,&quot;size&quot;:&quot;&quot;},&quot;jet_parallax_layout_image_mobile&quot;:{&quot;url&quot;:&quot;&quot;,&quot;id&quot;:&quot;&quot;,&quot;size&quot;:&quot;&quot;},&quot;jet_parallax_layout_speed&quot;:{&quot;unit&quot;:&quot;%&quot;,&quot;size&quot;:50,&quot;sizes&quot;:[]},&quot;jet_parallax_layout_type&quot;:&quot;scroll&quot;,&quot;jet_parallax_layout_direction&quot;:&quot;1&quot;,&quot;jet_parallax_layout_fx_direction&quot;:null,&quot;jet_parallax_layout_z_index&quot;:&quot;&quot;,&quot;jet_parallax_layout_bg_x&quot;:50,&quot;jet_parallax_layout_bg_x_tablet&quot;:&quot;&quot;,&quot;jet_parallax_layout_bg_x_mobile&quot;:&quot;&quot;,&quot;jet_parallax_layout_bg_y&quot;:50,&quot;jet_parallax_layout_bg_y_tablet&quot;:&quot;&quot;,&quot;jet_parallax_layout_bg_y_mobile&quot;:&quot;&quot;,&quot;jet_parallax_layout_bg_size&quot;:&quot;auto&quot;,&quot;jet_parallax_layout_bg_size_tablet&quot;:&quot;&quot;,&quot;jet_parallax_layout_bg_size_mobile&quot;:&quot;&quot;,&quot;jet_parallax_layout_animation_prop&quot;:&quot;transform&quot;,&quot;jet_parallax_layout_on&quot;:[&quot;desktop&quot;,&quot;tablet&quot;]}],&quot;stretch_section&quot;:&quot;section-stretched&quot;}\">\n\t\t\t\t\t\t<div class=\"elementor-container elementor-column-gap-default\">\n\t\t\t\t\t<div class=\"elementor-column elementor-col-100 elementor-top-column elementor-element elementor-element-d3aca6f\" data-id=\"d3aca6f\" data-element_type=\"column\">\n\t\t\t<div class=\"elementor-widget-wrap elementor-element-populated\">\n\t\t\t\t\t\t<div class=\"elementor-element elementor-element-c365a24 elementor-grid-4 elementor-grid-tablet-2 elementor-grid-mobile-1 elementor-posts--thumbnail-top elementor-widget elementor-widget-posts\" data-id=\"c365a24\" data-element_type=\"widget\" data-settings=\"{&quot;classic_columns&quot;:&quot;4&quot;,&quot;classic_columns_tablet&quot;:&quot;2&quot;,&quot;classic_columns_mobile&quot;:&quot;1&quot;,&quot;classic_row_gap&quot;:{&quot;unit&quot;:&quot;px&quot;,&quot;size&quot;:35,&quot;sizes&quot;:[]},&quot;classic_row_gap_tablet&quot;:{&quot;unit&quot;:&quot;px&quot;,&quot;size&quot;:&quot;&quot;,&quot;sizes&quot;:[]},&quot;classic_row_gap_mobile&quot;:{&quot;unit&quot;:&quot;px&quot;,&quot;size&quot;:&quot;&quot;,&quot;sizes&quot;:[]}}\" data-widget_type=\"posts.classic\">\n\t\t\t\t<div class=\"elementor-widget-container\">\n\t\t\t\t\t\t\t<div class=\"elementor-posts-container elementor-posts elementor-posts--skin-classic elementor-grid\" role=\"list\">\n\t\t\t\t<article class=\"elementor-post elementor-grid-item post-13564 post type-post status-publish format-standard has-post-thumbnail hentry category-sem-categoria\" role=\"listitem\">\n\t\t\t\t<a class=\"elementor-post__thumbnail__link\" href=\"https:\/\/vicentelessa.com.br\/wp1\/cursos-na-area-da-saude-qual-a-sua-importancia\/\" tabindex=\"-1\" >\n\t\t\t<div class=\"elementor-post__thumbnail\"><img fetchpriority=\"high\" decoding=\"async\" width=\"300\" height=\"225\" src=\"https:\/\/vicentelessa.com.br\/wp1\/wp-content\/uploads\/2023\/02\/cursos-saude-capa-300x225.png\" class=\"attachment-medium size-medium wp-image-13566\" alt=\"\" srcset=\"https:\/\/vicentelessa.com.br\/wp1\/wp-content\/uploads\/2023\/02\/cursos-saude-capa-300x225.png 300w, https:\/\/vicentelessa.com.br\/wp1\/wp-content\/uploads\/2023\/02\/cursos-saude-capa-768x576.png 768w, https:\/\/vicentelessa.com.br\/wp1\/wp-content\/uploads\/2023\/02\/cursos-saude-capa.png 800w\" sizes=\"(max-width: 300px) 100vw, 300px\" \/><\/div>\n\t\t<\/a>\n\t\t\t\t<div class=\"elementor-post__text\">\n\t\t\t\t<h3 class=\"elementor-post__title\">\n\t\t\t<a href=\"https:\/\/vicentelessa.com.br\/wp1\/cursos-na-area-da-saude-qual-a-sua-importancia\/\" >\n\t\t\t\tCursos na \u00e1rea da sa\u00fade: Qual a sua import\u00e2ncia?\t\t\t<\/a>\n\t\t<\/h3>\n\t\t\t\t<div class=\"elementor-post__meta-data\">\n\t\t\t\t\t<span class=\"elementor-post-date\">\n\t\t\t21\/02\/2023\t\t<\/span>\n\t\t\t\t<\/div>\n\t\t\t\t<div class=\"elementor-post__excerpt\">\n\t\t\t<p>O campo da sa\u00fade \u00e9 um\u00a0dos que mais passam por evolu\u00e7\u00f5es. A cada ano, mais e mais descobertas s\u00e3o feitas \u2014 o que proporciona a<\/p>\n\t\t<\/div>\n\t\t\n\t\t<a class=\"elementor-post__read-more\" href=\"https:\/\/vicentelessa.com.br\/wp1\/cursos-na-area-da-saude-qual-a-sua-importancia\/\" aria-label=\"Leia mais sobre Cursos na \u00e1rea da sa\u00fade: Qual a sua import\u00e2ncia?\" tabindex=\"-1\" >\n\t\t\tLeia mais \u00bb\t\t<\/a>\n\n\t\t\t\t<\/div>\n\t\t\t\t<\/article>\n\t\t\t\t<article class=\"elementor-post elementor-grid-item post-13259 post type-post status-publish format-standard has-post-thumbnail hentry category-sem-categoria\" role=\"listitem\">\n\t\t\t\t<a class=\"elementor-post__thumbnail__link\" href=\"https:\/\/vicentelessa.com.br\/wp1\/tendencias-da-educacao-do-futuro\/\" tabindex=\"-1\" >\n\t\t\t<div class=\"elementor-post__thumbnail\"><img decoding=\"async\" width=\"300\" height=\"158\" data-src=\"https:\/\/vicentelessa.com.br\/wp1\/wp-content\/uploads\/2023\/02\/ESCOLA-DO-FUTURO-300x158.jpeg\" class=\"attachment-medium size-medium wp-image-13266 lazyload\" alt=\"\" data-srcset=\"https:\/\/vicentelessa.com.br\/wp1\/wp-content\/uploads\/2023\/02\/ESCOLA-DO-FUTURO-300x158.jpeg 300w, https:\/\/vicentelessa.com.br\/wp1\/wp-content\/uploads\/2023\/02\/ESCOLA-DO-FUTURO-1024x538.jpeg 1024w, https:\/\/vicentelessa.com.br\/wp1\/wp-content\/uploads\/2023\/02\/ESCOLA-DO-FUTURO-768x403.jpeg 768w, https:\/\/vicentelessa.com.br\/wp1\/wp-content\/uploads\/2023\/02\/ESCOLA-DO-FUTURO.jpeg 1200w\" data-sizes=\"(max-width: 300px) 100vw, 300px\" src=\"data:image\/svg+xml;base64,PHN2ZyB3aWR0aD0iMSIgaGVpZ2h0PSIxIiB4bWxucz0iaHR0cDovL3d3dy53My5vcmcvMjAwMC9zdmciPjwvc3ZnPg==\" style=\"--smush-placeholder-width: 300px; --smush-placeholder-aspect-ratio: 300\/158;\" \/><\/div>\n\t\t<\/a>\n\t\t\t\t<div class=\"elementor-post__text\">\n\t\t\t\t<h3 class=\"elementor-post__title\">\n\t\t\t<a href=\"https:\/\/vicentelessa.com.br\/wp1\/tendencias-da-educacao-do-futuro\/\" >\n\t\t\t\tTend\u00eancias da educa\u00e7\u00e3o do futuro\t\t\t<\/a>\n\t\t<\/h3>\n\t\t\t\t<div class=\"elementor-post__meta-data\">\n\t\t\t\t\t<span class=\"elementor-post-date\">\n\t\t\t03\/02\/2023\t\t<\/span>\n\t\t\t\t<\/div>\n\t\t\t\t<div class=\"elementor-post__excerpt\">\n\t\t\t<p>A educa\u00e7\u00e3o sempre est\u00e1 em evolu\u00e7\u00e3o para levar o conhecimento a todos. Inclusive, nesta pandemia de coronav\u00edrus, foi preciso antecipar tend\u00eancias para que os alunos<\/p>\n\t\t<\/div>\n\t\t\n\t\t<a class=\"elementor-post__read-more\" href=\"https:\/\/vicentelessa.com.br\/wp1\/tendencias-da-educacao-do-futuro\/\" aria-label=\"Leia mais sobre Tend\u00eancias da educa\u00e7\u00e3o do futuro\" tabindex=\"-1\" >\n\t\t\tLeia mais \u00bb\t\t<\/a>\n\n\t\t\t\t<\/div>\n\t\t\t\t<\/article>\n\t\t\t\t<article class=\"elementor-post elementor-grid-item post-12941 post type-post status-publish format-standard has-post-thumbnail hentry category-sem-categoria\" role=\"listitem\">\n\t\t\t\t<a class=\"elementor-post__thumbnail__link\" href=\"https:\/\/vicentelessa.com.br\/wp1\/como-escolher-uma-escola-tecnica\/\" tabindex=\"-1\" >\n\t\t\t<div class=\"elementor-post__thumbnail\"><img decoding=\"async\" width=\"300\" height=\"216\" data-src=\"https:\/\/vicentelessa.com.br\/wp1\/wp-content\/uploads\/2023\/01\/COMO-ESCOLHER-50-\u00d7-36-in-300x216.png\" class=\"attachment-medium size-medium wp-image-12956 lazyload\" alt=\"\" data-srcset=\"https:\/\/vicentelessa.com.br\/wp1\/wp-content\/uploads\/2023\/01\/COMO-ESCOLHER-50-\u00d7-36-in-300x216.png 300w, https:\/\/vicentelessa.com.br\/wp1\/wp-content\/uploads\/2023\/01\/COMO-ESCOLHER-50-\u00d7-36-in-1024x737.png 1024w, https:\/\/vicentelessa.com.br\/wp1\/wp-content\/uploads\/2023\/01\/COMO-ESCOLHER-50-\u00d7-36-in-768x553.png 768w, https:\/\/vicentelessa.com.br\/wp1\/wp-content\/uploads\/2023\/01\/COMO-ESCOLHER-50-\u00d7-36-in-1536x1106.png 1536w, https:\/\/vicentelessa.com.br\/wp1\/wp-content\/uploads\/2023\/01\/COMO-ESCOLHER-50-\u00d7-36-in-2048x1475.png 2048w\" data-sizes=\"(max-width: 300px) 100vw, 300px\" src=\"data:image\/svg+xml;base64,PHN2ZyB3aWR0aD0iMSIgaGVpZ2h0PSIxIiB4bWxucz0iaHR0cDovL3d3dy53My5vcmcvMjAwMC9zdmciPjwvc3ZnPg==\" style=\"--smush-placeholder-width: 300px; --smush-placeholder-aspect-ratio: 300\/216;\" \/><\/div>\n\t\t<\/a>\n\t\t\t\t<div class=\"elementor-post__text\">\n\t\t\t\t<h3 class=\"elementor-post__title\">\n\t\t\t<a href=\"https:\/\/vicentelessa.com.br\/wp1\/como-escolher-uma-escola-tecnica\/\" >\n\t\t\t\tComo escolher uma escola t\u00e9cnica?\t\t\t<\/a>\n\t\t<\/h3>\n\t\t\t\t<div class=\"elementor-post__meta-data\">\n\t\t\t\t\t<span class=\"elementor-post-date\">\n\t\t\t27\/01\/2023\t\t<\/span>\n\t\t\t\t<\/div>\n\t\t\t\t<div class=\"elementor-post__excerpt\">\n\t\t\t<p>Como escolher a escola t\u00e9cnica ideal? Um\u00a0certificado e\/ou diploma em curso t\u00e9cnico pode transformar sua vida profissional. Al\u00e9m da realiza\u00e7\u00e3o de trabalhar em uma \u00e1rea<\/p>\n\t\t<\/div>\n\t\t\n\t\t<a class=\"elementor-post__read-more\" href=\"https:\/\/vicentelessa.com.br\/wp1\/como-escolher-uma-escola-tecnica\/\" aria-label=\"Leia mais sobre Como escolher uma escola t\u00e9cnica?\" tabindex=\"-1\" >\n\t\t\tLeia mais \u00bb\t\t<\/a>\n\n\t\t\t\t<\/div>\n\t\t\t\t<\/article>\n\t\t\t\t<article class=\"elementor-post elementor-grid-item post-10391 post type-post status-publish format-standard has-post-thumbnail hentry category-sem-categoria\" role=\"listitem\">\n\t\t\t\t<a class=\"elementor-post__thumbnail__link\" href=\"https:\/\/vicentelessa.com.br\/wp1\/porque-voce-nunca-deve-parar-de-estudar\/\" tabindex=\"-1\" >\n\t\t\t<div class=\"elementor-post__thumbnail\"><img decoding=\"async\" width=\"300\" height=\"127\" data-src=\"https:\/\/vicentelessa.com.br\/wp1\/wp-content\/uploads\/2022\/09\/naoparedeestudar-300x127.png\" class=\"attachment-medium size-medium wp-image-10386 lazyload\" alt=\"\" data-srcset=\"https:\/\/vicentelessa.com.br\/wp1\/wp-content\/uploads\/2022\/09\/naoparedeestudar-300x127.png 300w, https:\/\/vicentelessa.com.br\/wp1\/wp-content\/uploads\/2022\/09\/naoparedeestudar-768x325.png 768w, https:\/\/vicentelessa.com.br\/wp1\/wp-content\/uploads\/2022\/09\/naoparedeestudar.png 990w\" data-sizes=\"(max-width: 300px) 100vw, 300px\" src=\"data:image\/svg+xml;base64,PHN2ZyB3aWR0aD0iMSIgaGVpZ2h0PSIxIiB4bWxucz0iaHR0cDovL3d3dy53My5vcmcvMjAwMC9zdmciPjwvc3ZnPg==\" style=\"--smush-placeholder-width: 300px; --smush-placeholder-aspect-ratio: 300\/127;\" \/><\/div>\n\t\t<\/a>\n\t\t\t\t<div class=\"elementor-post__text\">\n\t\t\t\t<h3 class=\"elementor-post__title\">\n\t\t\t<a href=\"https:\/\/vicentelessa.com.br\/wp1\/porque-voce-nunca-deve-parar-de-estudar\/\" >\n\t\t\t\tPorque voc\u00ea nunca deve parar de estudar\t\t\t<\/a>\n\t\t<\/h3>\n\t\t\t\t<div class=\"elementor-post__meta-data\">\n\t\t\t\t\t<span class=\"elementor-post-date\">\n\t\t\t04\/09\/2022\t\t<\/span>\n\t\t\t\t<\/div>\n\t\t\t\t<div class=\"elementor-post__excerpt\">\n\t\t\t<p>Porque voc\u00ea nunca deve parar de estudar Conhe\u00e7a os motivos que far\u00e3o voc\u00ea nunca abandonar seus estudos: Estudar sempre \u00e9\u00a0exercitar o c\u00e9rebro Se voc\u00ea vai<\/p>\n\t\t<\/div>\n\t\t\n\t\t<a class=\"elementor-post__read-more\" href=\"https:\/\/vicentelessa.com.br\/wp1\/porque-voce-nunca-deve-parar-de-estudar\/\" aria-label=\"Leia mais sobre Porque voc\u00ea nunca deve parar de estudar\" tabindex=\"-1\" >\n\t\t\tLeia mais \u00bb\t\t<\/a>\n\n\t\t\t\t<\/div>\n\t\t\t\t<\/article>\n\t\t\t\t<article class=\"elementor-post elementor-grid-item post-9222 post type-post status-publish format-standard has-post-thumbnail hentry category-sem-categoria\" role=\"listitem\">\n\t\t\t\t<a class=\"elementor-post__thumbnail__link\" href=\"https:\/\/vicentelessa.com.br\/wp1\/variola-causada-pelo-virus-monkeypox-mpxv\/\" tabindex=\"-1\" >\n\t\t\t<div class=\"elementor-post__thumbnail\"><img decoding=\"async\" width=\"300\" height=\"157\" data-src=\"https:\/\/vicentelessa.com.br\/wp1\/wp-content\/uploads\/2022\/07\/brasil-variola-macacos-300x157.jpg\" class=\"attachment-medium size-medium wp-image-9223 lazyload\" alt=\"\" data-srcset=\"https:\/\/vicentelessa.com.br\/wp1\/wp-content\/uploads\/2022\/07\/brasil-variola-macacos-300x157.jpg 300w, https:\/\/vicentelessa.com.br\/wp1\/wp-content\/uploads\/2022\/07\/brasil-variola-macacos-1024x536.jpg 1024w, https:\/\/vicentelessa.com.br\/wp1\/wp-content\/uploads\/2022\/07\/brasil-variola-macacos-768x402.jpg 768w, https:\/\/vicentelessa.com.br\/wp1\/wp-content\/uploads\/2022\/07\/brasil-variola-macacos.jpg 1200w\" data-sizes=\"(max-width: 300px) 100vw, 300px\" src=\"data:image\/svg+xml;base64,PHN2ZyB3aWR0aD0iMSIgaGVpZ2h0PSIxIiB4bWxucz0iaHR0cDovL3d3dy53My5vcmcvMjAwMC9zdmciPjwvc3ZnPg==\" style=\"--smush-placeholder-width: 300px; --smush-placeholder-aspect-ratio: 300\/157;\" \/><\/div>\n\t\t<\/a>\n\t\t\t\t<div class=\"elementor-post__text\">\n\t\t\t\t<h3 class=\"elementor-post__title\">\n\t\t\t<a href=\"https:\/\/vicentelessa.com.br\/wp1\/variola-causada-pelo-virus-monkeypox-mpxv\/\" >\n\t\t\t\tVar\u00edola causada pelo v\u00edrus Monkeypox (MPXV)\t\t\t<\/a>\n\t\t<\/h3>\n\t\t\t\t<div class=\"elementor-post__meta-data\">\n\t\t\t\t\t<span class=\"elementor-post-date\">\n\t\t\t01\/07\/2022\t\t<\/span>\n\t\t\t\t<\/div>\n\t\t\t\t<div class=\"elementor-post__excerpt\">\n\t\t\t<p>A var\u00edola dos macacos \u00e9 transmitida pelo v\u00edrus&nbsp;monkeypox, que pertence ao g\u00eanero&nbsp;orthopoxvirus. \u00c9 considerada uma zoonose viral (o v\u00edrus \u00e9 transmitido aos seres humanos a<\/p>\n\t\t<\/div>\n\t\t\n\t\t<a class=\"elementor-post__read-more\" href=\"https:\/\/vicentelessa.com.br\/wp1\/variola-causada-pelo-virus-monkeypox-mpxv\/\" aria-label=\"Leia mais sobre Var\u00edola causada pelo v\u00edrus Monkeypox (MPXV)\" tabindex=\"-1\" >\n\t\t\tLeia mais \u00bb\t\t<\/a>\n\n\t\t\t\t<\/div>\n\t\t\t\t<\/article>\n\t\t\t\t<article class=\"elementor-post elementor-grid-item post-6972 post type-post status-publish format-standard has-post-thumbnail hentry category-sem-categoria\" role=\"listitem\">\n\t\t\t\t<a class=\"elementor-post__thumbnail__link\" href=\"https:\/\/vicentelessa.com.br\/wp1\/cuidador-de-idosos\/\" tabindex=\"-1\" >\n\t\t\t<div class=\"elementor-post__thumbnail\"><img decoding=\"async\" width=\"300\" height=\"205\" data-src=\"https:\/\/vicentelessa.com.br\/wp1\/wp-content\/uploads\/2022\/04\/cuidador2-300x205.jpg\" class=\"attachment-medium size-medium wp-image-6977 lazyload\" alt=\"\" data-srcset=\"https:\/\/vicentelessa.com.br\/wp1\/wp-content\/uploads\/2022\/04\/cuidador2-300x205.jpg 300w, https:\/\/vicentelessa.com.br\/wp1\/wp-content\/uploads\/2022\/04\/cuidador2-1024x698.jpg 1024w, https:\/\/vicentelessa.com.br\/wp1\/wp-content\/uploads\/2022\/04\/cuidador2-768x524.jpg 768w, https:\/\/vicentelessa.com.br\/wp1\/wp-content\/uploads\/2022\/04\/cuidador2-1536x1047.jpg 1536w, https:\/\/vicentelessa.com.br\/wp1\/wp-content\/uploads\/2022\/04\/cuidador2-2048x1396.jpg 2048w\" data-sizes=\"(max-width: 300px) 100vw, 300px\" src=\"data:image\/svg+xml;base64,PHN2ZyB3aWR0aD0iMSIgaGVpZ2h0PSIxIiB4bWxucz0iaHR0cDovL3d3dy53My5vcmcvMjAwMC9zdmciPjwvc3ZnPg==\" style=\"--smush-placeholder-width: 300px; --smush-placeholder-aspect-ratio: 300\/205;\" \/><\/div>\n\t\t<\/a>\n\t\t\t\t<div class=\"elementor-post__text\">\n\t\t\t\t<h3 class=\"elementor-post__title\">\n\t\t\t<a href=\"https:\/\/vicentelessa.com.br\/wp1\/cuidador-de-idosos\/\" >\n\t\t\t\tCuidador de Idosos\t\t\t<\/a>\n\t\t<\/h3>\n\t\t\t\t<div class=\"elementor-post__meta-data\">\n\t\t\t\t\t<span class=\"elementor-post-date\">\n\t\t\t06\/04\/2022\t\t<\/span>\n\t\t\t\t<\/div>\n\t\t\t\t<div class=\"elementor-post__excerpt\">\n\t\t\t<p>QUAL SUA FUN\u00c7\u00c3O E COMO SE QUALIFICAR Com o aumento da popula\u00e7\u00e3o idosa e diante de um envelhecimento cada vez mais ativo, o cuidador de<\/p>\n\t\t<\/div>\n\t\t\n\t\t<a class=\"elementor-post__read-more\" href=\"https:\/\/vicentelessa.com.br\/wp1\/cuidador-de-idosos\/\" aria-label=\"Leia mais sobre Cuidador de Idosos\" tabindex=\"-1\" >\n\t\t\tLeia mais \u00bb\t\t<\/a>\n\n\t\t\t\t<\/div>\n\t\t\t\t<\/article>\n\t\t\t\t<article class=\"elementor-post elementor-grid-item post-4736 post type-post status-publish format-standard has-post-thumbnail hentry category-enfermagem category-radiologia category-sem-categoria\" role=\"listitem\">\n\t\t\t\t<a class=\"elementor-post__thumbnail__link\" href=\"https:\/\/vicentelessa.com.br\/wp1\/por-que-a-area-da-saude-se-tornou-mais-promissora\/\" tabindex=\"-1\" >\n\t\t\t<div class=\"elementor-post__thumbnail\"><img decoding=\"async\" width=\"300\" height=\"169\" data-src=\"https:\/\/vicentelessa.com.br\/wp1\/wp-content\/uploads\/2022\/02\/profissionais-da-saude-covid19-300x169.jpg\" class=\"attachment-medium size-medium wp-image-4749 lazyload\" alt=\"\" data-srcset=\"https:\/\/vicentelessa.com.br\/wp1\/wp-content\/uploads\/2022\/02\/profissionais-da-saude-covid19-300x169.jpg 300w, https:\/\/vicentelessa.com.br\/wp1\/wp-content\/uploads\/2022\/02\/profissionais-da-saude-covid19.jpg 720w\" data-sizes=\"(max-width: 300px) 100vw, 300px\" src=\"data:image\/svg+xml;base64,PHN2ZyB3aWR0aD0iMSIgaGVpZ2h0PSIxIiB4bWxucz0iaHR0cDovL3d3dy53My5vcmcvMjAwMC9zdmciPjwvc3ZnPg==\" style=\"--smush-placeholder-width: 300px; --smush-placeholder-aspect-ratio: 300\/169;\" \/><\/div>\n\t\t<\/a>\n\t\t\t\t<div class=\"elementor-post__text\">\n\t\t\t\t<h3 class=\"elementor-post__title\">\n\t\t\t<a href=\"https:\/\/vicentelessa.com.br\/wp1\/por-que-a-area-da-saude-se-tornou-mais-promissora\/\" >\n\t\t\t\tPor que a \u00e1rea da sa\u00fade se tornou mais promissora?\t\t\t<\/a>\n\t\t<\/h3>\n\t\t\t\t<div class=\"elementor-post__meta-data\">\n\t\t\t\t\t<span class=\"elementor-post-date\">\n\t\t\t14\/02\/2022\t\t<\/span>\n\t\t\t\t<\/div>\n\t\t\t\t<div class=\"elementor-post__excerpt\">\n\t\t\t<p>De acordo com as pesquisas, nosso pa\u00eds \u00e9 o\u00a08\u00ba maior mercado\u00a0da \u00e1rea e a\u00a04\u00aa maior popula\u00e7\u00e3o m\u00e9dica\u00a0do globo. Quando a gente pensa nesses dados e<\/p>\n\t\t<\/div>\n\t\t\n\t\t<a class=\"elementor-post__read-more\" href=\"https:\/\/vicentelessa.com.br\/wp1\/por-que-a-area-da-saude-se-tornou-mais-promissora\/\" aria-label=\"Leia mais sobre Por que a \u00e1rea da sa\u00fade se tornou mais promissora?\" tabindex=\"-1\" >\n\t\t\tLeia mais \u00bb\t\t<\/a>\n\n\t\t\t\t<\/div>\n\t\t\t\t<\/article>\n\t\t\t\t<article class=\"elementor-post elementor-grid-item post-747 post type-post status-publish format-standard has-post-thumbnail hentry category-sem-categoria\" role=\"listitem\">\n\t\t\t\t<a class=\"elementor-post__thumbnail__link\" href=\"https:\/\/vicentelessa.com.br\/wp1\/a-mao-do-sucesso\/\" tabindex=\"-1\" >\n\t\t\t<div class=\"elementor-post__thumbnail\"><img decoding=\"async\" width=\"300\" height=\"149\" data-src=\"https:\/\/vicentelessa.com.br\/wp1\/wp-content\/uploads\/2021\/11\/5dedos-300x149.png\" class=\"attachment-medium size-medium wp-image-41 lazyload\" alt=\"\" data-srcset=\"https:\/\/vicentelessa.com.br\/wp1\/wp-content\/uploads\/2021\/11\/5dedos-300x149.png 300w, https:\/\/vicentelessa.com.br\/wp1\/wp-content\/uploads\/2021\/11\/5dedos-1024x509.png 1024w, https:\/\/vicentelessa.com.br\/wp1\/wp-content\/uploads\/2021\/11\/5dedos-768x381.png 768w, https:\/\/vicentelessa.com.br\/wp1\/wp-content\/uploads\/2021\/11\/5dedos.png 1200w\" data-sizes=\"(max-width: 300px) 100vw, 300px\" src=\"data:image\/svg+xml;base64,PHN2ZyB3aWR0aD0iMSIgaGVpZ2h0PSIxIiB4bWxucz0iaHR0cDovL3d3dy53My5vcmcvMjAwMC9zdmciPjwvc3ZnPg==\" style=\"--smush-placeholder-width: 300px; --smush-placeholder-aspect-ratio: 300\/149;\" \/><\/div>\n\t\t<\/a>\n\t\t\t\t<div class=\"elementor-post__text\">\n\t\t\t\t<h3 class=\"elementor-post__title\">\n\t\t\t<a href=\"https:\/\/vicentelessa.com.br\/wp1\/a-mao-do-sucesso\/\" >\n\t\t\t\tA m\u00e3o do sucesso\t\t\t<\/a>\n\t\t<\/h3>\n\t\t\t\t<div class=\"elementor-post__meta-data\">\n\t\t\t\t\t<span class=\"elementor-post-date\">\n\t\t\t24\/11\/2021\t\t<\/span>\n\t\t\t\t<\/div>\n\t\t\t\t<div class=\"elementor-post__excerpt\">\n\t\t\t<p>O sucesso profissional \u00e9 algo buscado por absolutamente todos os que est\u00e3o inseridos no mercado de trabalho e, com a grande competitividade que isso gera,<\/p>\n\t\t<\/div>\n\t\t\n\t\t<a class=\"elementor-post__read-more\" href=\"https:\/\/vicentelessa.com.br\/wp1\/a-mao-do-sucesso\/\" aria-label=\"Leia mais sobre A m\u00e3o do sucesso\" tabindex=\"-1\" >\n\t\t\tLeia mais \u00bb\t\t<\/a>\n\n\t\t\t\t<\/div>\n\t\t\t\t<\/article>\n\t\t\t\t<\/div>\n\t\t\n\t\t\t\t\t\t<\/div>\n\t\t\t\t<\/div>\n\t\t\t\t\t<\/div>\n\t\t<\/div>\n\t\t\t\t\t<\/div>\n\t\t<\/section>\n\t\t\t\t<section data-particle_enable=\"false\" data-particle-mobile-disabled=\"false\" class=\"elementor-section elementor-top-section elementor-element elementor-element-73caa3b elementor-section-full_width elementor-section-height-default elementor-section-height-default\" data-id=\"73caa3b\" data-element_type=\"section\" data-settings=\"{&quot;jet_parallax_layout_list&quot;:[{&quot;jet_parallax_layout_image&quot;:{&quot;url&quot;:&quot;&quot;,&quot;id&quot;:&quot;&quot;,&quot;size&quot;:&quot;&quot;},&quot;_id&quot;:&quot;72c2f1b&quot;,&quot;jet_parallax_layout_image_tablet&quot;:{&quot;url&quot;:&quot;&quot;,&quot;id&quot;:&quot;&quot;,&quot;size&quot;:&quot;&quot;},&quot;jet_parallax_layout_image_mobile&quot;:{&quot;url&quot;:&quot;&quot;,&quot;id&quot;:&quot;&quot;,&quot;size&quot;:&quot;&quot;},&quot;jet_parallax_layout_speed&quot;:{&quot;unit&quot;:&quot;%&quot;,&quot;size&quot;:50,&quot;sizes&quot;:[]},&quot;jet_parallax_layout_type&quot;:&quot;scroll&quot;,&quot;jet_parallax_layout_direction&quot;:&quot;1&quot;,&quot;jet_parallax_layout_fx_direction&quot;:null,&quot;jet_parallax_layout_z_index&quot;:&quot;&quot;,&quot;jet_parallax_layout_bg_x&quot;:50,&quot;jet_parallax_layout_bg_x_tablet&quot;:&quot;&quot;,&quot;jet_parallax_layout_bg_x_mobile&quot;:&quot;&quot;,&quot;jet_parallax_layout_bg_y&quot;:50,&quot;jet_parallax_layout_bg_y_tablet&quot;:&quot;&quot;,&quot;jet_parallax_layout_bg_y_mobile&quot;:&quot;&quot;,&quot;jet_parallax_layout_bg_size&quot;:&quot;auto&quot;,&quot;jet_parallax_layout_bg_size_tablet&quot;:&quot;&quot;,&quot;jet_parallax_layout_bg_size_mobile&quot;:&quot;&quot;,&quot;jet_parallax_layout_animation_prop&quot;:&quot;transform&quot;,&quot;jet_parallax_layout_on&quot;:[&quot;desktop&quot;,&quot;tablet&quot;]}]}\">\n\t\t\t\t\t\t<div class=\"elementor-container elementor-column-gap-default\">\n\t\t\t\t\t<div class=\"elementor-column elementor-col-100 elementor-top-column elementor-element elementor-element-fbf7a39\" data-id=\"fbf7a39\" data-element_type=\"column\">\n\t\t\t<div class=\"elementor-widget-wrap\">\n\t\t\t\t\t\t\t<\/div>\n\t\t<\/div>\n\t\t\t\t\t<\/div>\n\t\t<\/section>\n\t\t\t\t<\/div>\n\t\t","protected":false},"excerpt":{"rendered":"","protected":false},"author":1,"featured_media":0,"parent":0,"menu_order":0,"comment_status":"closed","ping_status":"closed","template":"","meta":{"footnotes":""},"class_list":["post-96","page","type-page","status-publish","hentry"],"_links":{"self":[{"href":"https:\/\/vicentelessa.com.br\/wp1\/wp-json\/wp\/v2\/pages\/96","targetHints":{"allow":["GET"]}}],"collection":[{"href":"https:\/\/vicentelessa.com.br\/wp1\/wp-json\/wp\/v2\/pages"}],"about":[{"href":"https:\/\/vicentelessa.com.br\/wp1\/wp-json\/wp\/v2\/types\/page"}],"author":[{"embeddable":true,"href":"https:\/\/vicentelessa.com.br\/wp1\/wp-json\/wp\/v2\/users\/1"}],"replies":[{"embeddable":true,"href":"https:\/\/vicentelessa.com.br\/wp1\/wp-json\/wp\/v2\/comments?post=96"}],"version-history":[{"count":13,"href":"https:\/\/vicentelessa.com.br\/wp1\/wp-json\/wp\/v2\/pages\/96\/revisions"}],"predecessor-version":[{"id":1433,"href":"https:\/\/vicentelessa.com.br\/wp1\/wp-json\/wp\/v2\/pages\/96\/revisions\/1433"}],"wp:attachment":[{"href":"https:\/\/vicentelessa.com.br\/wp1\/wp-json\/wp\/v2\/media?parent=96"}],"curies":[{"name":"wp","href":"https:\/\/api.w.org\/{rel}","templated":true}]}}