{"id":800,"date":"2021-11-24T13:43:30","date_gmt":"2021-11-24T16:43:30","guid":{"rendered":"https:\/\/vicentelessa.com.br\/wp1\/?page_id=800"},"modified":"2021-11-24T13:45:47","modified_gmt":"2021-11-24T16:45:47","slug":"porteiro-hospitalar","status":"publish","type":"page","link":"https:\/\/vicentelessa.com.br\/wp1\/porteiro-hospitalar\/","title":{"rendered":"Porteiro Hospitalar"},"content":{"rendered":"\t\t<div data-elementor-type=\"wp-page\" data-elementor-id=\"800\" class=\"elementor elementor-800\" data-elementor-post-type=\"page\">\n\t\t\t\t\t\t<section data-particle_enable=\"false\" data-particle-mobile-disabled=\"false\" class=\"elementor-section elementor-top-section elementor-element elementor-element-db2905d elementor-section-full_width elementor-section-height-default elementor-section-height-default\" data-id=\"db2905d\" data-element_type=\"section\" data-settings=\"{&quot;jet_parallax_layout_list&quot;:[{&quot;jet_parallax_layout_image&quot;:{&quot;url&quot;:&quot;&quot;,&quot;id&quot;:&quot;&quot;,&quot;size&quot;:&quot;&quot;},&quot;_id&quot;:&quot;d74c0cf&quot;,&quot;jet_parallax_layout_image_tablet&quot;:{&quot;url&quot;:&quot;&quot;,&quot;id&quot;:&quot;&quot;,&quot;size&quot;:&quot;&quot;},&quot;jet_parallax_layout_image_mobile&quot;:{&quot;url&quot;:&quot;&quot;,&quot;id&quot;:&quot;&quot;,&quot;size&quot;:&quot;&quot;},&quot;jet_parallax_layout_speed&quot;:{&quot;unit&quot;:&quot;%&quot;,&quot;size&quot;:50,&quot;sizes&quot;:[]},&quot;jet_parallax_layout_type&quot;:&quot;scroll&quot;,&quot;jet_parallax_layout_direction&quot;:&quot;1&quot;,&quot;jet_parallax_layout_fx_direction&quot;:null,&quot;jet_parallax_layout_z_index&quot;:&quot;&quot;,&quot;jet_parallax_layout_bg_x&quot;:50,&quot;jet_parallax_layout_bg_x_tablet&quot;:&quot;&quot;,&quot;jet_parallax_layout_bg_x_mobile&quot;:&quot;&quot;,&quot;jet_parallax_layout_bg_y&quot;:50,&quot;jet_parallax_layout_bg_y_tablet&quot;:&quot;&quot;,&quot;jet_parallax_layout_bg_y_mobile&quot;:&quot;&quot;,&quot;jet_parallax_layout_bg_size&quot;:&quot;auto&quot;,&quot;jet_parallax_layout_bg_size_tablet&quot;:&quot;&quot;,&quot;jet_parallax_layout_bg_size_mobile&quot;:&quot;&quot;,&quot;jet_parallax_layout_animation_prop&quot;:&quot;transform&quot;,&quot;jet_parallax_layout_on&quot;:[&quot;desktop&quot;,&quot;tablet&quot;]}]}\">\n\t\t\t\t\t\t<div class=\"elementor-container elementor-column-gap-default\">\n\t\t\t\t\t<div class=\"elementor-column elementor-col-100 elementor-top-column elementor-element elementor-element-1f5c7d1\" data-id=\"1f5c7d1\" data-element_type=\"column\">\n\t\t\t<div class=\"elementor-widget-wrap elementor-element-populated\">\n\t\t\t\t\t\t<div class=\"elementor-element elementor-element-5e92946 elementor-widget elementor-widget-text-editor\" data-id=\"5e92946\" data-element_type=\"widget\" data-widget_type=\"text-editor.default\">\n\t\t\t\t<div class=\"elementor-widget-container\">\n\t\t\t\t\t\t\t\t\t<p><strong>Porteiro Hospitalar<\/strong><\/p><p>Capacitar quem deseja ingressar no ambiente hospitalar como porteiro visando exercer as seguintes atividades;<\/p><p>\u2013 Controle de entrada e sa\u00edda de clientes, acompanhantes e visitantes no complexo hospitalar e demais atividades afins.<\/p><p>Neste curso \u00e9 apresentado o perfil ideal de um profissional de portaria hospitalar, focado na humaniza\u00e7\u00e3o do ambiente de trabalho.<\/p><p>\u00a0<\/p><p>Carga hor\u00e1ria: 30 horas<\/p>\t\t\t\t\t\t\t\t<\/div>\n\t\t\t\t<\/div>\n\t\t\t\t\t<\/div>\n\t\t<\/div>\n\t\t\t\t\t<\/div>\n\t\t<\/section>\n\t\t\t\t<\/div>\n\t\t","protected":false},"excerpt":{"rendered":"<p>Porteiro Hospitalar Capacitar quem deseja ingressar no ambiente hospitalar como porteiro visando exercer as seguintes atividades; \u2013 Controle de entrada e sa\u00edda de clientes, acompanhantes e visitantes no complexo hospitalar e demais atividades afins. Neste curso \u00e9 apresentado o perfil ideal de um profissional de portaria hospitalar, focado na humaniza\u00e7\u00e3o do ambiente de trabalho. \u00a0 [&hellip;]<\/p>\n","protected":false},"author":1,"featured_media":0,"parent":0,"menu_order":0,"comment_status":"closed","ping_status":"closed","template":"","meta":{"footnotes":""},"class_list":["post-800","page","type-page","status-publish","hentry"],"_links":{"self":[{"href":"https:\/\/vicentelessa.com.br\/wp1\/wp-json\/wp\/v2\/pages\/800","targetHints":{"allow":["GET"]}}],"collection":[{"href":"https:\/\/vicentelessa.com.br\/wp1\/wp-json\/wp\/v2\/pages"}],"about":[{"href":"https:\/\/vicentelessa.com.br\/wp1\/wp-json\/wp\/v2\/types\/page"}],"author":[{"embeddable":true,"href":"https:\/\/vicentelessa.com.br\/wp1\/wp-json\/wp\/v2\/users\/1"}],"replies":[{"embeddable":true,"href":"https:\/\/vicentelessa.com.br\/wp1\/wp-json\/wp\/v2\/comments?post=800"}],"version-history":[{"count":7,"href":"https:\/\/vicentelessa.com.br\/wp1\/wp-json\/wp\/v2\/pages\/800\/revisions"}],"predecessor-version":[{"id":807,"href":"https:\/\/vicentelessa.com.br\/wp1\/wp-json\/wp\/v2\/pages\/800\/revisions\/807"}],"wp:attachment":[{"href":"https:\/\/vicentelessa.com.br\/wp1\/wp-json\/wp\/v2\/media?parent=800"}],"curies":[{"name":"wp","href":"https:\/\/api.w.org\/{rel}","templated":true}]}}