{"id":764,"date":"2021-11-24T12:30:48","date_gmt":"2021-11-24T15:30:48","guid":{"rendered":"https:\/\/vicentelessa.com.br\/wp1\/?page_id=764"},"modified":"2024-01-17T12:33:21","modified_gmt":"2024-01-17T15:33:21","slug":"copeiro-hospitalar","status":"publish","type":"page","link":"https:\/\/vicentelessa.com.br\/wp1\/copeiro-hospitalar\/","title":{"rendered":"Copeiro Hospitalar"},"content":{"rendered":"\t\t<div data-elementor-type=\"wp-page\" data-elementor-id=\"764\" class=\"elementor elementor-764\" data-elementor-post-type=\"page\">\n\t\t\t\t\t\t<section data-particle_enable=\"false\" data-particle-mobile-disabled=\"false\" class=\"elementor-section elementor-top-section elementor-element elementor-element-02dbbf1 elementor-section-full_width elementor-section-height-default elementor-section-height-default\" data-id=\"02dbbf1\" data-element_type=\"section\" data-settings=\"{&quot;jet_parallax_layout_list&quot;:[{&quot;jet_parallax_layout_image&quot;:{&quot;url&quot;:&quot;&quot;,&quot;id&quot;:&quot;&quot;,&quot;size&quot;:&quot;&quot;},&quot;_id&quot;:&quot;d511fb0&quot;,&quot;jet_parallax_layout_image_tablet&quot;:{&quot;url&quot;:&quot;&quot;,&quot;id&quot;:&quot;&quot;,&quot;size&quot;:&quot;&quot;},&quot;jet_parallax_layout_image_mobile&quot;:{&quot;url&quot;:&quot;&quot;,&quot;id&quot;:&quot;&quot;,&quot;size&quot;:&quot;&quot;},&quot;jet_parallax_layout_speed&quot;:{&quot;unit&quot;:&quot;%&quot;,&quot;size&quot;:50,&quot;sizes&quot;:[]},&quot;jet_parallax_layout_type&quot;:&quot;scroll&quot;,&quot;jet_parallax_layout_direction&quot;:&quot;1&quot;,&quot;jet_parallax_layout_fx_direction&quot;:null,&quot;jet_parallax_layout_z_index&quot;:&quot;&quot;,&quot;jet_parallax_layout_bg_x&quot;:50,&quot;jet_parallax_layout_bg_x_tablet&quot;:&quot;&quot;,&quot;jet_parallax_layout_bg_x_mobile&quot;:&quot;&quot;,&quot;jet_parallax_layout_bg_y&quot;:50,&quot;jet_parallax_layout_bg_y_tablet&quot;:&quot;&quot;,&quot;jet_parallax_layout_bg_y_mobile&quot;:&quot;&quot;,&quot;jet_parallax_layout_bg_size&quot;:&quot;auto&quot;,&quot;jet_parallax_layout_bg_size_tablet&quot;:&quot;&quot;,&quot;jet_parallax_layout_bg_size_mobile&quot;:&quot;&quot;,&quot;jet_parallax_layout_animation_prop&quot;:&quot;transform&quot;,&quot;jet_parallax_layout_on&quot;:[&quot;desktop&quot;,&quot;tablet&quot;]}]}\">\n\t\t\t\t\t\t<div class=\"elementor-container elementor-column-gap-default\">\n\t\t\t\t\t<div class=\"elementor-column elementor-col-100 elementor-top-column elementor-element elementor-element-bda3595\" data-id=\"bda3595\" data-element_type=\"column\">\n\t\t\t<div class=\"elementor-widget-wrap elementor-element-populated\">\n\t\t\t\t\t\t<div class=\"elementor-element elementor-element-c18aef7 elementor-widget elementor-widget-text-editor\" data-id=\"c18aef7\" data-element_type=\"widget\" data-widget_type=\"text-editor.default\">\n\t\t\t\t<div class=\"elementor-widget-container\">\n\t\t\t\t\t\t\t\t\t<p><strong>Objetivo do Curso:<\/strong><\/p>\n<p>Formar um profissional apto e qualificado para: preparar a alimenta\u00e7\u00e3o dos pacientes, conferir o mapa do paciente, rever dietas, conferir o card\u00e1pio, montar bandejas, conferir os produtos da geladeira e dadispensa (se est\u00e3o em ordem, prazo de validade), ter no\u00e7\u00f5es de dietas espec\u00edficas para pacientes com determinadas patologias (dietas para hipertensos, diab\u00e9ticos, desidratados, etc), saber as fun\u00e7\u00f5es de um lactarista hospitalar e escolar, saber a diferen\u00e7a entre os leites e f\u00f3rmulas l\u00e1cteas, assim como saber em quais casos devem ser usadas, aprender a preparar mamadeiras e ter no\u00e7\u00f5es de microbiologia voltadas para a \u00e1rea hospitalar e de alimentos.<\/p>\n<p><strong>\u00c1rea de aplica\u00e7\u00e3o:<\/strong><\/p>\n<p>Aplica-se a \u00e1rea da sa\u00fade.<\/p>\n<p><strong>Pr\u00e9-requisitos:<\/strong><\/p>\n<p><strong>P\u00fablico alvo:<\/strong> P\u00fablico em geral.<\/p>\n<p><strong>Pr\u00e9-requisito<\/strong> Ensino fundamental.<\/p>\n<p><strong>Idade m\u00ednima<\/strong>: 18 anos;<\/p>\n<p><strong>Pr\u00e9-requisito desejado, por\u00e9m n\u00e3o obrigat\u00f3rio:<\/strong><\/p>\n<p>Conhecimentos b\u00e1sicos de prepara\u00e7\u00e3o de alimentos.<\/p>\n<p>Conte\u00fado Program\u00e1tico<\/p>\n<p><strong>Psicologia:<\/strong><\/p>\n<p>Comportamento<br>Postura Profissional<br>Excel\u00eancia no atendimento ao cliente<\/p>\n<p><strong>Dietoterapia:<\/strong><\/p>\n<p>Geral<br>Branda<br>Pastosa<br>L\u00edquida<br>Leve<\/p>\n<p><strong>Lactarista:<\/strong><\/p>\n<p>Lactarista Hospitalar e Escolar<br>Leites e F\u00f3rmulas<br>Preparando Mamadeiras<\/p>\n<p><strong>Copeiro:<\/strong><\/p>\n<p>Revis\u00e3o Dietoterapia<br>Fun\u00e7\u00f5es Exercidas<\/p>\n<p><strong>Microbiologia:<\/strong><\/p>\n<p>No\u00e7\u00f5es B\u00e1sicas<br>Fatores Ligados as \u00e1reas e artigos Hospitalares<br>Microbiologia dos Alimentos<\/p>\n<p><strong>Visita T\u00e9cnica Virtual:<\/strong><\/p>\n<p>Ambiente de Copa Hospitalar<br>Ambiente de Lact\u00e1rio Hospitalar<\/p>\n<h2><strong>Matricule-se J\u00e1!<\/strong><\/h2>\t\t\t\t\t\t\t\t<\/div>\n\t\t\t\t<\/div>\n\t\t\t\t\t<\/div>\n\t\t<\/div>\n\t\t\t\t\t<\/div>\n\t\t<\/section>\n\t\t\t\t<\/div>\n\t\t","protected":false},"excerpt":{"rendered":"<p>Objetivo do Curso: Formar um profissional apto e qualificado para: preparar a alimenta\u00e7\u00e3o dos pacientes, conferir o mapa do paciente, rever dietas, conferir o card\u00e1pio, montar bandejas, conferir os produtos da geladeira e dadispensa (se est\u00e3o em ordem, prazo de validade), ter no\u00e7\u00f5es de dietas espec\u00edficas para pacientes com determinadas patologias (dietas para hipertensos, diab\u00e9ticos, [&hellip;]<\/p>\n","protected":false},"author":1,"featured_media":0,"parent":0,"menu_order":0,"comment_status":"closed","ping_status":"closed","template":"","meta":{"footnotes":""},"class_list":["post-764","page","type-page","status-publish","hentry"],"_links":{"self":[{"href":"https:\/\/vicentelessa.com.br\/wp1\/wp-json\/wp\/v2\/pages\/764","targetHints":{"allow":["GET"]}}],"collection":[{"href":"https:\/\/vicentelessa.com.br\/wp1\/wp-json\/wp\/v2\/pages"}],"about":[{"href":"https:\/\/vicentelessa.com.br\/wp1\/wp-json\/wp\/v2\/types\/page"}],"author":[{"embeddable":true,"href":"https:\/\/vicentelessa.com.br\/wp1\/wp-json\/wp\/v2\/users\/1"}],"replies":[{"embeddable":true,"href":"https:\/\/vicentelessa.com.br\/wp1\/wp-json\/wp\/v2\/comments?post=764"}],"version-history":[{"count":50,"href":"https:\/\/vicentelessa.com.br\/wp1\/wp-json\/wp\/v2\/pages\/764\/revisions"}],"predecessor-version":[{"id":18768,"href":"https:\/\/vicentelessa.com.br\/wp1\/wp-json\/wp\/v2\/pages\/764\/revisions\/18768"}],"wp:attachment":[{"href":"https:\/\/vicentelessa.com.br\/wp1\/wp-json\/wp\/v2\/media?parent=764"}],"curies":[{"name":"wp","href":"https:\/\/api.w.org\/{rel}","templated":true}]}}