{"id":499,"date":"2021-11-16T15:33:51","date_gmt":"2021-11-16T18:33:51","guid":{"rendered":"https:\/\/vicentelessa.com.br\/wp1\/?page_id=499"},"modified":"2021-12-29T11:58:21","modified_gmt":"2021-12-29T14:58:21","slug":"radiologia-3","status":"publish","type":"page","link":"https:\/\/vicentelessa.com.br\/wp1\/radiologia-3\/","title":{"rendered":"Radiologia"},"content":{"rendered":"\t\t<div data-elementor-type=\"wp-page\" data-elementor-id=\"499\" class=\"elementor elementor-499\" data-elementor-post-type=\"page\">\n\t\t\t\t\t\t<section data-particle_enable=\"false\" data-particle-mobile-disabled=\"false\" class=\"elementor-section elementor-top-section elementor-element elementor-element-79a5dbc elementor-section-full_width elementor-section-stretched elementor-section-height-default elementor-section-height-default\" data-id=\"79a5dbc\" data-element_type=\"section\" data-settings=\"{&quot;stretch_section&quot;:&quot;section-stretched&quot;,&quot;jet_parallax_layout_list&quot;:[{&quot;jet_parallax_layout_image&quot;:{&quot;url&quot;:&quot;&quot;,&quot;id&quot;:&quot;&quot;,&quot;size&quot;:&quot;&quot;},&quot;_id&quot;:&quot;9c578f1&quot;,&quot;jet_parallax_layout_image_tablet&quot;:{&quot;url&quot;:&quot;&quot;,&quot;id&quot;:&quot;&quot;,&quot;size&quot;:&quot;&quot;},&quot;jet_parallax_layout_image_mobile&quot;:{&quot;url&quot;:&quot;&quot;,&quot;id&quot;:&quot;&quot;,&quot;size&quot;:&quot;&quot;},&quot;jet_parallax_layout_speed&quot;:{&quot;unit&quot;:&quot;%&quot;,&quot;size&quot;:50,&quot;sizes&quot;:[]},&quot;jet_parallax_layout_type&quot;:&quot;scroll&quot;,&quot;jet_parallax_layout_direction&quot;:&quot;1&quot;,&quot;jet_parallax_layout_fx_direction&quot;:null,&quot;jet_parallax_layout_z_index&quot;:&quot;&quot;,&quot;jet_parallax_layout_bg_x&quot;:50,&quot;jet_parallax_layout_bg_x_tablet&quot;:&quot;&quot;,&quot;jet_parallax_layout_bg_x_mobile&quot;:&quot;&quot;,&quot;jet_parallax_layout_bg_y&quot;:50,&quot;jet_parallax_layout_bg_y_tablet&quot;:&quot;&quot;,&quot;jet_parallax_layout_bg_y_mobile&quot;:&quot;&quot;,&quot;jet_parallax_layout_bg_size&quot;:&quot;auto&quot;,&quot;jet_parallax_layout_bg_size_tablet&quot;:&quot;&quot;,&quot;jet_parallax_layout_bg_size_mobile&quot;:&quot;&quot;,&quot;jet_parallax_layout_animation_prop&quot;:&quot;transform&quot;,&quot;jet_parallax_layout_on&quot;:[&quot;desktop&quot;,&quot;tablet&quot;]}]}\">\n\t\t\t\t\t\t<div class=\"elementor-container elementor-column-gap-default\">\n\t\t\t\t\t<div class=\"elementor-column elementor-col-100 elementor-top-column elementor-element elementor-element-6d7a9db\" data-id=\"6d7a9db\" data-element_type=\"column\">\n\t\t\t<div class=\"elementor-widget-wrap elementor-element-populated\">\n\t\t\t\t\t\t<div class=\"elementor-element elementor-element-56791e8 elementor-widget elementor-widget-image\" data-id=\"56791e8\" data-element_type=\"widget\" data-widget_type=\"image.default\">\n\t\t\t\t<div class=\"elementor-widget-container\">\n\t\t\t\t\t\t\t\t\t\t\t\t\t\t\t<img fetchpriority=\"high\" decoding=\"async\" width=\"800\" height=\"123\" src=\"https:\/\/vicentelessa.com.br\/wp1\/wp-content\/uploads\/2021\/11\/radiologia-1024x157.png\" class=\"attachment-large size-large wp-image-39\" alt=\"\" srcset=\"https:\/\/vicentelessa.com.br\/wp1\/wp-content\/uploads\/2021\/11\/radiologia-1024x157.png 1024w, https:\/\/vicentelessa.com.br\/wp1\/wp-content\/uploads\/2021\/11\/radiologia-300x46.png 300w, https:\/\/vicentelessa.com.br\/wp1\/wp-content\/uploads\/2021\/11\/radiologia-768x118.png 768w, https:\/\/vicentelessa.com.br\/wp1\/wp-content\/uploads\/2021\/11\/radiologia.png 1200w\" sizes=\"(max-width: 800px) 100vw, 800px\" \/>\t\t\t\t\t\t\t\t\t\t\t\t\t\t\t<\/div>\n\t\t\t\t<\/div>\n\t\t\t\t\t<\/div>\n\t\t<\/div>\n\t\t\t\t\t<\/div>\n\t\t<\/section>\n\t\t\t\t<section data-particle_enable=\"false\" data-particle-mobile-disabled=\"false\" class=\"elementor-section elementor-top-section elementor-element elementor-element-bbb4a33 elementor-section-full_width elementor-section-stretched elementor-section-height-default elementor-section-height-default\" data-id=\"bbb4a33\" data-element_type=\"section\" data-settings=\"{&quot;stretch_section&quot;:&quot;section-stretched&quot;,&quot;jet_parallax_layout_list&quot;:[{&quot;jet_parallax_layout_image&quot;:{&quot;url&quot;:&quot;&quot;,&quot;id&quot;:&quot;&quot;,&quot;size&quot;:&quot;&quot;},&quot;_id&quot;:&quot;e24567e&quot;,&quot;jet_parallax_layout_image_tablet&quot;:{&quot;url&quot;:&quot;&quot;,&quot;id&quot;:&quot;&quot;,&quot;size&quot;:&quot;&quot;},&quot;jet_parallax_layout_image_mobile&quot;:{&quot;url&quot;:&quot;&quot;,&quot;id&quot;:&quot;&quot;,&quot;size&quot;:&quot;&quot;},&quot;jet_parallax_layout_speed&quot;:{&quot;unit&quot;:&quot;%&quot;,&quot;size&quot;:50,&quot;sizes&quot;:[]},&quot;jet_parallax_layout_type&quot;:&quot;scroll&quot;,&quot;jet_parallax_layout_direction&quot;:&quot;1&quot;,&quot;jet_parallax_layout_fx_direction&quot;:null,&quot;jet_parallax_layout_z_index&quot;:&quot;&quot;,&quot;jet_parallax_layout_bg_x&quot;:50,&quot;jet_parallax_layout_bg_x_tablet&quot;:&quot;&quot;,&quot;jet_parallax_layout_bg_x_mobile&quot;:&quot;&quot;,&quot;jet_parallax_layout_bg_y&quot;:50,&quot;jet_parallax_layout_bg_y_tablet&quot;:&quot;&quot;,&quot;jet_parallax_layout_bg_y_mobile&quot;:&quot;&quot;,&quot;jet_parallax_layout_bg_size&quot;:&quot;auto&quot;,&quot;jet_parallax_layout_bg_size_tablet&quot;:&quot;&quot;,&quot;jet_parallax_layout_bg_size_mobile&quot;:&quot;&quot;,&quot;jet_parallax_layout_animation_prop&quot;:&quot;transform&quot;,&quot;jet_parallax_layout_on&quot;:[&quot;desktop&quot;,&quot;tablet&quot;]}]}\">\n\t\t\t\t\t\t<div class=\"elementor-container elementor-column-gap-default\">\n\t\t\t\t\t<div class=\"elementor-column elementor-col-100 elementor-top-column elementor-element elementor-element-d2a1bd4\" data-id=\"d2a1bd4\" data-element_type=\"column\" data-settings=\"{&quot;background_background&quot;:&quot;classic&quot;}\">\n\t\t\t<div class=\"elementor-widget-wrap elementor-element-populated\">\n\t\t\t\t\t\t<div class=\"elementor-element elementor-element-c178a14 elementor-widget elementor-widget-heading\" data-id=\"c178a14\" data-element_type=\"widget\" data-widget_type=\"heading.default\">\n\t\t\t\t<div class=\"elementor-widget-container\">\n\t\t\t\t\t<h2 class=\"elementor-heading-title elementor-size-default\">Realiza exames radiogr\u00e1ficos convencionais. Processa filmes radiol\u00f3gicos, prepara solu\u00e7\u00f5es qu\u00edmicas e organiza a sala de processamento. Prepara o paciente e o ambiente para a realiza\u00e7\u00e3o de exames nos servi\u00e7os de radiologia e diagn\u00f3stico por imagem.<\/h2>\t\t\t\t<\/div>\n\t\t\t\t<\/div>\n\t\t\t\t\t<\/div>\n\t\t<\/div>\n\t\t\t\t\t<\/div>\n\t\t<\/section>\n\t\t\t\t<section data-particle_enable=\"false\" data-particle-mobile-disabled=\"false\" class=\"elementor-section elementor-top-section elementor-element elementor-element-72aafc1 elementor-section-full_width elementor-section-stretched elementor-section-height-default elementor-section-height-default\" data-id=\"72aafc1\" data-element_type=\"section\" data-settings=\"{&quot;stretch_section&quot;:&quot;section-stretched&quot;,&quot;jet_parallax_layout_list&quot;:[{&quot;jet_parallax_layout_image&quot;:{&quot;url&quot;:&quot;&quot;,&quot;id&quot;:&quot;&quot;,&quot;size&quot;:&quot;&quot;},&quot;_id&quot;:&quot;700c252&quot;,&quot;jet_parallax_layout_image_tablet&quot;:{&quot;url&quot;:&quot;&quot;,&quot;id&quot;:&quot;&quot;,&quot;size&quot;:&quot;&quot;},&quot;jet_parallax_layout_image_mobile&quot;:{&quot;url&quot;:&quot;&quot;,&quot;id&quot;:&quot;&quot;,&quot;size&quot;:&quot;&quot;},&quot;jet_parallax_layout_speed&quot;:{&quot;unit&quot;:&quot;%&quot;,&quot;size&quot;:50,&quot;sizes&quot;:[]},&quot;jet_parallax_layout_type&quot;:&quot;scroll&quot;,&quot;jet_parallax_layout_direction&quot;:&quot;1&quot;,&quot;jet_parallax_layout_fx_direction&quot;:null,&quot;jet_parallax_layout_z_index&quot;:&quot;&quot;,&quot;jet_parallax_layout_bg_x&quot;:50,&quot;jet_parallax_layout_bg_x_tablet&quot;:&quot;&quot;,&quot;jet_parallax_layout_bg_x_mobile&quot;:&quot;&quot;,&quot;jet_parallax_layout_bg_y&quot;:50,&quot;jet_parallax_layout_bg_y_tablet&quot;:&quot;&quot;,&quot;jet_parallax_layout_bg_y_mobile&quot;:&quot;&quot;,&quot;jet_parallax_layout_bg_size&quot;:&quot;auto&quot;,&quot;jet_parallax_layout_bg_size_tablet&quot;:&quot;&quot;,&quot;jet_parallax_layout_bg_size_mobile&quot;:&quot;&quot;,&quot;jet_parallax_layout_animation_prop&quot;:&quot;transform&quot;,&quot;jet_parallax_layout_on&quot;:[&quot;desktop&quot;,&quot;tablet&quot;]}]}\">\n\t\t\t\t\t\t<div class=\"elementor-container elementor-column-gap-default\">\n\t\t\t\t\t<div class=\"elementor-column elementor-col-50 elementor-top-column elementor-element elementor-element-23520b6\" data-id=\"23520b6\" data-element_type=\"column\">\n\t\t\t<div class=\"elementor-widget-wrap elementor-element-populated\">\n\t\t\t\t\t\t<div class=\"elementor-element elementor-element-3d05677 elementor-widget elementor-widget-image\" data-id=\"3d05677\" data-element_type=\"widget\" data-widget_type=\"image.default\">\n\t\t\t\t<div class=\"elementor-widget-container\">\n\t\t\t\t\t\t\t\t\t\t\t\t\t\t\t<img decoding=\"async\" width=\"450\" height=\"332\" data-src=\"https:\/\/vicentelessa.com.br\/wp1\/wp-content\/uploads\/2021\/11\/lessons3.png\" class=\"attachment-large size-large wp-image-63 lazyload\" alt=\"\" data-srcset=\"https:\/\/vicentelessa.com.br\/wp1\/wp-content\/uploads\/2021\/11\/lessons3.png 450w, https:\/\/vicentelessa.com.br\/wp1\/wp-content\/uploads\/2021\/11\/lessons3-300x221.png 300w\" data-sizes=\"(max-width: 450px) 100vw, 450px\" src=\"data:image\/svg+xml;base64,PHN2ZyB3aWR0aD0iMSIgaGVpZ2h0PSIxIiB4bWxucz0iaHR0cDovL3d3dy53My5vcmcvMjAwMC9zdmciPjwvc3ZnPg==\" style=\"--smush-placeholder-width: 450px; --smush-placeholder-aspect-ratio: 450\/332;\" \/>\t\t\t\t\t\t\t\t\t\t\t\t\t\t\t<\/div>\n\t\t\t\t<\/div>\n\t\t\t\t\t<\/div>\n\t\t<\/div>\n\t\t\t\t<div class=\"elementor-column elementor-col-50 elementor-top-column elementor-element elementor-element-42d01e2\" data-id=\"42d01e2\" data-element_type=\"column\">\n\t\t\t<div class=\"elementor-widget-wrap elementor-element-populated\">\n\t\t\t\t\t\t<div class=\"elementor-element elementor-element-351028d elementor-widget elementor-widget-heading\" data-id=\"351028d\" data-element_type=\"widget\" data-widget_type=\"heading.default\">\n\t\t\t\t<div class=\"elementor-widget-container\">\n\t\t\t\t\t<h2 class=\"elementor-heading-title elementor-size-default\">T\u00c9CNICO EM RADIOLOGIA<\/h2>\t\t\t\t<\/div>\n\t\t\t\t<\/div>\n\t\t\t\t<section data-particle_enable=\"false\" data-particle-mobile-disabled=\"false\" class=\"elementor-section elementor-inner-section elementor-element elementor-element-23cc284 elementor-section-boxed elementor-section-height-default elementor-section-height-default\" data-id=\"23cc284\" data-element_type=\"section\" data-settings=\"{&quot;jet_parallax_layout_list&quot;:[{&quot;jet_parallax_layout_image&quot;:{&quot;url&quot;:&quot;&quot;,&quot;id&quot;:&quot;&quot;,&quot;size&quot;:&quot;&quot;},&quot;_id&quot;:&quot;2580701&quot;,&quot;jet_parallax_layout_image_tablet&quot;:{&quot;url&quot;:&quot;&quot;,&quot;id&quot;:&quot;&quot;,&quot;size&quot;:&quot;&quot;},&quot;jet_parallax_layout_image_mobile&quot;:{&quot;url&quot;:&quot;&quot;,&quot;id&quot;:&quot;&quot;,&quot;size&quot;:&quot;&quot;},&quot;jet_parallax_layout_speed&quot;:{&quot;unit&quot;:&quot;%&quot;,&quot;size&quot;:50,&quot;sizes&quot;:[]},&quot;jet_parallax_layout_type&quot;:&quot;scroll&quot;,&quot;jet_parallax_layout_direction&quot;:&quot;1&quot;,&quot;jet_parallax_layout_fx_direction&quot;:null,&quot;jet_parallax_layout_z_index&quot;:&quot;&quot;,&quot;jet_parallax_layout_bg_x&quot;:50,&quot;jet_parallax_layout_bg_x_tablet&quot;:&quot;&quot;,&quot;jet_parallax_layout_bg_x_mobile&quot;:&quot;&quot;,&quot;jet_parallax_layout_bg_y&quot;:50,&quot;jet_parallax_layout_bg_y_tablet&quot;:&quot;&quot;,&quot;jet_parallax_layout_bg_y_mobile&quot;:&quot;&quot;,&quot;jet_parallax_layout_bg_size&quot;:&quot;auto&quot;,&quot;jet_parallax_layout_bg_size_tablet&quot;:&quot;&quot;,&quot;jet_parallax_layout_bg_size_mobile&quot;:&quot;&quot;,&quot;jet_parallax_layout_animation_prop&quot;:&quot;transform&quot;,&quot;jet_parallax_layout_on&quot;:[&quot;desktop&quot;,&quot;tablet&quot;]}]}\">\n\t\t\t\t\t\t<div class=\"elementor-container elementor-column-gap-default\">\n\t\t\t\t\t<div class=\"elementor-column elementor-col-100 elementor-inner-column elementor-element elementor-element-80342fb\" data-id=\"80342fb\" data-element_type=\"column\">\n\t\t\t<div class=\"elementor-widget-wrap elementor-element-populated\">\n\t\t\t\t\t\t<div class=\"elementor-element elementor-element-dc79868 elementor-widget elementor-widget-text-editor\" data-id=\"dc79868\" data-element_type=\"widget\" data-widget_type=\"text-editor.default\">\n\t\t\t\t<div class=\"elementor-widget-container\">\n\t\t\t\t\t\t\t\t\t<p>A necessidade de preparar T\u00e9cnicos em Radiologia continua merecendo aten\u00e7\u00e3o especial dos CRTRs (Conselhos Regionais de T\u00e9cnicos em Radiologia), principalmente em virtude ao atendimento no disposto na Lei Federal n\u00ba 9.394\/96,no Decreto Federal n\u00ba 5154\/04, no Parecer CNE\/CEB n\u00ba 16\/99; na Res. CNE\/CEB n\u00ba 04\/99 e na Ind. CEE\/SP 08\/2000, que estabelecem para a Forma\u00e7\u00e3o Profissional de n\u00edvel T\u00e9cnico, na \u00e1rea de sa\u00fade, 1200 horas te\u00f3ricas acrescidas das horas de est\u00e1gio. Reduzindo assim o prazo de conclus\u00e3o do curso, que anteriormente, amparado pela Lei 7.394\/85, necessariamente teria que possuir um m\u00ednimo de tr\u00eas anos de dura\u00e7\u00e3o.<\/p><p>\u00c9 consenso entre todos, a necessidade da forma\u00e7\u00e3o de profissionais T\u00e9cnicos em Radiologia plenamente qualificados e habilitados a executarem as t\u00e9cnicas:<\/p><p>&#8211; Radiol\u00f3gica, no setor de diagn\u00f3stico;<\/p><p>&#8211; Radioter\u00e1pica, no setor de terapia;<\/p><p>&#8211; Radioisot\u00f3pica, no setor de radiois\u00f3topos;<\/p><p>&#8211; Industrial, no setor industrial;<\/p><p>&#8211; De Medicina Nuclear<\/p><p>Isso implica na necessidade de assegurar-se um curr\u00edculo m\u00ednimo que garanta a forma\u00e7\u00e3o b\u00e1sica aos alunos, ao mesmo tempo em que lhes forne\u00e7a uma s\u00f3lida base cient\u00edfica, tecnol\u00f3gica e senso cr\u00edtico, para que possam sempre, no exerc\u00edcio de sua profiss\u00e3o, estarem\u00a0 avaliando o m\u00e9todo radiol\u00f3gico adequado a cada paciente, os riscos da exposi\u00e7\u00e3o \u00e0 radia\u00e7\u00e3o, contra-indica\u00e7\u00f5es e o estabelecimento da correla\u00e7\u00e3o riscos x benef\u00edcios para o paciente.<\/p><p>Visando atender a demanda do mercado por profissionais plenamente habilitados em n\u00edvel de T\u00e9cnicos em Radiologia, que sejam capazes de\u00a0 participar de uma equipe respons\u00e1vel pelo atendimento \u00e0s necessidades de sa\u00fade; de manipular e processar imagens radiol\u00f3gicas, a fim de otimizar o uso da tecnologia, reduzindo assim\u00a0 o trabalho, as perdas operacionais, os custos e o aumento da dose de radia\u00e7\u00e3o.<\/p><p><b>DOCUMENTOS PARA A MATR\u00cdCULA<\/b><\/p><p>Xerox do RG, CPF, T\u00edtulo de Eleitor, Comprovante de Endere\u00e7o com CEP<br \/>Hist\u00f3rico Escolar do ensino m\u00e9dio ou equivalente<br \/>2 fotos 3&#215;4 recentes<br \/>T\u00edtulo de Eleitor<\/p>\t\t\t\t\t\t\t\t<\/div>\n\t\t\t\t<\/div>\n\t\t\t\t\t<\/div>\n\t\t<\/div>\n\t\t\t\t\t<\/div>\n\t\t<\/section>\n\t\t\t\t\t<\/div>\n\t\t<\/div>\n\t\t\t\t\t<\/div>\n\t\t<\/section>\n\t\t\t\t<\/div>\n\t\t","protected":false},"excerpt":{"rendered":"<p>Realiza exames radiogr\u00e1ficos convencionais. Processa filmes radiol\u00f3gicos, prepara solu\u00e7\u00f5es qu\u00edmicas e organiza a sala de processamento. Prepara o paciente e o ambiente para a realiza\u00e7\u00e3o de exames nos servi\u00e7os de radiologia e diagn\u00f3stico por imagem. T\u00c9CNICO EM RADIOLOGIA A necessidade de preparar T\u00e9cnicos em Radiologia continua merecendo aten\u00e7\u00e3o especial dos CRTRs (Conselhos Regionais de T\u00e9cnicos [&hellip;]<\/p>\n","protected":false},"author":1,"featured_media":0,"parent":0,"menu_order":0,"comment_status":"closed","ping_status":"closed","template":"","meta":{"footnotes":""},"class_list":["post-499","page","type-page","status-publish","hentry"],"_links":{"self":[{"href":"https:\/\/vicentelessa.com.br\/wp1\/wp-json\/wp\/v2\/pages\/499","targetHints":{"allow":["GET"]}}],"collection":[{"href":"https:\/\/vicentelessa.com.br\/wp1\/wp-json\/wp\/v2\/pages"}],"about":[{"href":"https:\/\/vicentelessa.com.br\/wp1\/wp-json\/wp\/v2\/types\/page"}],"author":[{"embeddable":true,"href":"https:\/\/vicentelessa.com.br\/wp1\/wp-json\/wp\/v2\/users\/1"}],"replies":[{"embeddable":true,"href":"https:\/\/vicentelessa.com.br\/wp1\/wp-json\/wp\/v2\/comments?post=499"}],"version-history":[{"count":31,"href":"https:\/\/vicentelessa.com.br\/wp1\/wp-json\/wp\/v2\/pages\/499\/revisions"}],"predecessor-version":[{"id":2891,"href":"https:\/\/vicentelessa.com.br\/wp1\/wp-json\/wp\/v2\/pages\/499\/revisions\/2891"}],"wp:attachment":[{"href":"https:\/\/vicentelessa.com.br\/wp1\/wp-json\/wp\/v2\/media?parent=499"}],"curies":[{"name":"wp","href":"https:\/\/api.w.org\/{rel}","templated":true}]}}